{"id":259,"date":"2015-12-02T08:53:32","date_gmt":"2015-12-02T06:53:32","guid":{"rendered":"http:\/\/www.martinkarski.de\/blog\/?page_id=259"},"modified":"2020-09-11T22:33:19","modified_gmt":"2020-09-11T20:33:19","slug":"start","status":"publish","type":"page","link":"https:\/\/www.martinkarski.de\/blog\/","title":{"rendered":"START"},"content":{"rendered":"<div id='full_slider_1'  class='avia-fullwidth-slider main_color avia-shadow   avia-builder-el-0  el_before_av_one_full  avia-builder-el-first   container_wrap fullsize'  ><div  class='avia-slideshow av-5dpemz-c49c16ccd3f16994f554f92fe64e4720 avia-slideshow-no scaling av_slideshow_full avia-fade-slider av-slideshow-ui av-control-hidden av-no-slider-navigation av-hide-nav-arrows av-slideshow-autoplay av-loop-endless av-loop-manual-endless av-default-height-applied   avia-slideshow-1' data-slideshow-options=\"{&quot;animation&quot;:&quot;fade&quot;,&quot;autoplay&quot;:true,&quot;loop_autoplay&quot;:&quot;endless&quot;,&quot;interval&quot;:3,&quot;loop_manual&quot;:&quot;manual-endless&quot;,&quot;autoplay_stopper&quot;:false,&quot;noNavigation&quot;:true,&quot;bg_slider&quot;:false,&quot;keep_padding&quot;:false,&quot;hoverpause&quot;:false,&quot;show_slide_delay&quot;:0}\"  itemprop=\"image\" itemscope=\"itemscope\" itemtype=\"https:\/\/schema.org\/ImageObject\" ><ul class='avia-slideshow-inner ' style='padding-bottom: 66.666666666667%;'><li  class='avia-slideshow-slide av-5dpemz-c49c16ccd3f16994f554f92fe64e4720__0  slide-1 slide-odd'><div data-rel='slideshow-1' class='avia-slide-wrap '   ><img data-recalc-dims=\"1\" src=\"https:\/\/i0.wp.com\/www.martinkarski.de\/blog\/wp-content\/uploads\/2020\/09\/XeniaMarvin-0313-_DSF4321.jpg?resize=1200%2C800&#038;ssl=1\" width=\"1200\" height=\"800\" title='XeniaMarvin-0313-_DSF4321' alt=''  itemprop=\"thumbnailUrl\"   \/><\/div><\/li><li  class='avia-slideshow-slide av-5dpemz-c49c16ccd3f16994f554f92fe64e4720__1  slide-2 slide-even'><div data-rel='slideshow-1' class='avia-slide-wrap '   ><img data-recalc-dims=\"1\" src=\"https:\/\/i0.wp.com\/www.martinkarski.de\/blog\/wp-content\/uploads\/2020\/09\/ElenaMaik-0630-_MG_2603.jpg?resize=1200%2C800&#038;ssl=1\" width=\"1200\" height=\"800\" title='ElenaMaik-0630-_MG_2603' alt=''  itemprop=\"thumbnailUrl\"   \/><\/div><\/li><li  class='avia-slideshow-slide av-5dpemz-c49c16ccd3f16994f554f92fe64e4720__2  slide-3 slide-odd'><div data-rel='slideshow-1' class='avia-slide-wrap '   ><img data-recalc-dims=\"1\" src=\"https:\/\/i0.wp.com\/www.martinkarski.de\/blog\/wp-content\/uploads\/2020\/09\/XeniaMarvin-0304-_MG_4437.jpg?resize=1200%2C800&#038;ssl=1\" width=\"1200\" height=\"800\" title='XeniaMarvin-0304-_MG_4437' alt=''  itemprop=\"thumbnailUrl\"   \/><\/div><\/li><li  class='avia-slideshow-slide av-5dpemz-c49c16ccd3f16994f554f92fe64e4720__3  slide-4 slide-even'><div data-rel='slideshow-1' class='avia-slide-wrap '   ><img data-recalc-dims=\"1\" src=\"https:\/\/i0.wp.com\/www.martinkarski.de\/blog\/wp-content\/uploads\/2020\/09\/8-1030x515.jpg?resize=1030%2C515&#038;ssl=1\" width=\"1030\" height=\"515\" title='8-1030x515' alt=''  itemprop=\"thumbnailUrl\"   \/><\/div><\/li><li  class='avia-slideshow-slide av-5dpemz-c49c16ccd3f16994f554f92fe64e4720__4  slide-5 slide-odd'><div data-rel='slideshow-1' class='avia-slide-wrap '   ><img data-recalc-dims=\"1\" src=\"https:\/\/i0.wp.com\/www.martinkarski.de\/blog\/wp-content\/uploads\/2020\/09\/9-1030x515.jpg?resize=1030%2C515&#038;ssl=1\" width=\"1030\" height=\"515\" title='9-1030x515' alt=''  itemprop=\"thumbnailUrl\"   \/><\/div><\/li><li  class='avia-slideshow-slide av-5dpemz-c49c16ccd3f16994f554f92fe64e4720__5  slide-6 slide-even'><div data-rel='slideshow-1' class='avia-slide-wrap '   ><img data-recalc-dims=\"1\" src=\"https:\/\/i0.wp.com\/www.martinkarski.de\/blog\/wp-content\/uploads\/2020\/09\/6-1030x515.jpg?resize=1030%2C515&#038;ssl=1\" width=\"1030\" height=\"515\" title='6-1030x515' alt=''  itemprop=\"thumbnailUrl\"   \/><\/div><\/li><li  class='avia-slideshow-slide av-5dpemz-c49c16ccd3f16994f554f92fe64e4720__6  slide-7 slide-odd'><div data-rel='slideshow-1' class='avia-slide-wrap '   ><img data-recalc-dims=\"1\" src=\"https:\/\/i0.wp.com\/www.martinkarski.de\/blog\/wp-content\/uploads\/2020\/09\/4-1030x515.jpg?resize=1030%2C515&#038;ssl=1\" width=\"1030\" height=\"515\" title='4-1030x515' alt=''  itemprop=\"thumbnailUrl\"   \/><\/div><\/li><li  class='avia-slideshow-slide av-5dpemz-c49c16ccd3f16994f554f92fe64e4720__7  slide-8 slide-even'><div data-rel='slideshow-1' class='avia-slide-wrap '   ><img data-recalc-dims=\"1\" src=\"https:\/\/i0.wp.com\/www.martinkarski.de\/blog\/wp-content\/uploads\/2020\/09\/MG_9276.jpg?resize=1500%2C1000&#038;ssl=1\" width=\"1500\" height=\"1000\" title='MG_9276' alt=''  itemprop=\"thumbnailUrl\"   \/><\/div><\/li><li  class='avia-slideshow-slide av-5dpemz-c49c16ccd3f16994f554f92fe64e4720__8  slide-9 slide-odd'><div data-rel='slideshow-1' class='avia-slide-wrap '   ><img data-recalc-dims=\"1\" src=\"https:\/\/i0.wp.com\/www.martinkarski.de\/blog\/wp-content\/uploads\/2020\/09\/MG_9480.jpg?resize=1500%2C1000&#038;ssl=1\" width=\"1500\" height=\"1000\" title='MG_9480' alt=''  itemprop=\"thumbnailUrl\"   \/><\/div><\/li><li  class='avia-slideshow-slide av-5dpemz-c49c16ccd3f16994f554f92fe64e4720__9  slide-10 slide-even'><div data-rel='slideshow-1' class='avia-slide-wrap '   ><img data-recalc-dims=\"1\" src=\"https:\/\/i0.wp.com\/www.martinkarski.de\/blog\/wp-content\/uploads\/2020\/09\/10-1030x515.jpg?resize=1030%2C515&#038;ssl=1\" width=\"1030\" height=\"515\" title='10-1030x515' alt=''  itemprop=\"thumbnailUrl\"   \/><\/div><\/li><li  class='avia-slideshow-slide av-5dpemz-c49c16ccd3f16994f554f92fe64e4720__10  slide-11 slide-odd'><div data-rel='slideshow-1' class='avia-slide-wrap '   ><img data-recalc-dims=\"1\" src=\"https:\/\/i0.wp.com\/www.martinkarski.de\/blog\/wp-content\/uploads\/2020\/09\/MG_7569-1030x515.jpg?resize=1030%2C515&#038;ssl=1\" width=\"1030\" height=\"515\" title='MG_7569-1030x515' alt=''  itemprop=\"thumbnailUrl\"   \/><\/div><\/li><li  class='avia-slideshow-slide av-5dpemz-c49c16ccd3f16994f554f92fe64e4720__11  slide-12 slide-even'><div data-rel='slideshow-1' class='avia-slide-wrap '   ><img data-recalc-dims=\"1\" src=\"https:\/\/i0.wp.com\/www.martinkarski.de\/blog\/wp-content\/uploads\/2020\/09\/30.jpg?resize=1500%2C1000&#038;ssl=1\" width=\"1500\" height=\"1000\" title='30' alt=''  itemprop=\"thumbnailUrl\"   \/><\/div><\/li><li  class='avia-slideshow-slide av-5dpemz-c49c16ccd3f16994f554f92fe64e4720__12  slide-13 slide-odd'><div data-rel='slideshow-1' class='avia-slide-wrap '   ><img data-recalc-dims=\"1\" src=\"https:\/\/i0.wp.com\/www.martinkarski.de\/blog\/wp-content\/uploads\/2020\/09\/31.jpg?resize=1500%2C1000&#038;ssl=1\" width=\"1500\" height=\"1000\" title='31' alt=''  itemprop=\"thumbnailUrl\"   \/><\/div><\/li><li  class='avia-slideshow-slide av-5dpemz-c49c16ccd3f16994f554f92fe64e4720__13  slide-14 slide-even'><div data-rel='slideshow-1' class='avia-slide-wrap '   ><img data-recalc-dims=\"1\" src=\"https:\/\/i0.wp.com\/www.martinkarski.de\/blog\/wp-content\/uploads\/2020\/09\/32.jpg?resize=1500%2C1000&#038;ssl=1\" width=\"1500\" height=\"1000\" title='32' alt=''  itemprop=\"thumbnailUrl\"   \/><\/div><\/li><li  class='avia-slideshow-slide av-5dpemz-c49c16ccd3f16994f554f92fe64e4720__14  slide-15 slide-odd'><div data-rel='slideshow-1' class='avia-slide-wrap '   ><img data-recalc-dims=\"1\" src=\"https:\/\/i0.wp.com\/www.martinkarski.de\/blog\/wp-content\/uploads\/2020\/09\/XeniaMarvin-0359-_DSF44391.jpg?resize=1200%2C800&#038;ssl=1\" width=\"1200\" height=\"800\" title='XeniaMarvin-0359-_DSF44391' alt=''  itemprop=\"thumbnailUrl\"   \/><\/div><\/li><\/ul><div class='avia-slideshow-arrows avia-slideshow-controls' ><a href='#prev' class='prev-slide  avia-svg-icon avia-font-svg_entypo-fontello' data-av_svg_icon='left-open-big' data-av_iconset='svg_entypo-fontello' tabindex='-1' title=\"Zur\u00fcck\"><svg version=\"1.1\" xmlns=\"http:\/\/www.w3.org\/2000\/svg\" width=\"15\" height=\"32\" viewBox=\"0 0 15 32\" preserveAspectRatio=\"xMidYMid meet\" aria-labelledby='av-svg-title-1' aria-describedby='av-svg-desc-1' role=\"graphics-symbol\" aria-hidden=\"true\">\n<title id='av-svg-title-1'>Zur\u00fcck<\/title>\n<desc id='av-svg-desc-1'>Zur\u00fcck<\/desc>\n<path d=\"M14.464 27.84q0.832 0.832 0 1.536-0.832 0.832-1.536 0l-12.544-12.608q-0.768-0.768 0-1.6l12.544-12.608q0.704-0.832 1.536 0 0.832 0.704 0 1.536l-11.456 11.904z\"><\/path>\n<\/svg><span class='avia_hidden_link_text'>Zur\u00fcck<\/span><\/a><a href='#next' class='next-slide  avia-svg-icon avia-font-svg_entypo-fontello' data-av_svg_icon='right-open-big' data-av_iconset='svg_entypo-fontello' tabindex='-1' title=\"Weiter\"><svg version=\"1.1\" xmlns=\"http:\/\/www.w3.org\/2000\/svg\" width=\"15\" height=\"32\" viewBox=\"0 0 15 32\" preserveAspectRatio=\"xMidYMid meet\" aria-labelledby='av-svg-title-2' aria-describedby='av-svg-desc-2' role=\"graphics-symbol\" aria-hidden=\"true\">\n<title id='av-svg-title-2'>Weiter<\/title>\n<desc id='av-svg-desc-2'>Weiter<\/desc>\n<path d=\"M0.416 27.84l11.456-11.84-11.456-11.904q-0.832-0.832 0-1.536 0.832-0.832 1.536 0l12.544 12.608q0.768 0.832 0 1.6l-12.544 12.608q-0.704 0.832-1.536 0-0.832-0.704 0-1.536z\"><\/path>\n<\/svg><span class='avia_hidden_link_text'>Weiter<\/span><\/a><\/div><\/div><\/div><div id='after_full_slider_1'  class='main_color av_default_container_wrap container_wrap fullsize'  ><div class='container av-section-cont-open' ><div class='template-page content  av-content-full alpha units'><div class='post-entry post-entry-type-page post-entry-259'><div class='entry-content-wrapper clearfix'>\n\n<style type=\"text\/css\" data-created_by=\"avia_inline_auto\" id=\"style-css-av-1uau4j-8154d22b1cca6e5397ec8c507a423f6a\">\n.flex_column.av-1uau4j-8154d22b1cca6e5397ec8c507a423f6a{\nborder-radius:0px 0px 0px 0px;\npadding:0px 0px 0px 0px;\n}\n<\/style>\n<div  class='flex_column av-1uau4j-8154d22b1cca6e5397ec8c507a423f6a av_one_full  avia-builder-el-1  el_after_av_slideshow_full  el_before_av_hr  avia-builder-el-first  first flex_column_div av-animated-generic fade-in av-zero-column-padding  '     ><section  class='av_textblock_section av-1r6eab-3f0ee4d3c2da710c7a83a93ffb8c5661 '   itemscope=\"itemscope\" itemtype=\"https:\/\/schema.org\/CreativeWork\" ><div class='avia_textblock'  itemprop=\"text\" ><p style=\"text-align: left;\">Fotografie hat mir schon immer Freude bereitet und gab mir stets die Best\u00e4tigung, was Besonderes im Leben zu tun. Sie f\u00fchrte mich an Pl\u00e4tze, von denen ich immer getr\u00e4umt hatte, zu sein. Ich war dabei, als viele K\u00fcnstler Ihre Erfolge feierten und nahm Teil an diesen besonderen Momenten. Meine Reportagen hielten diese besonderen Momente fest. Es hat mich gefreut, meine Bilder anschlie\u00dfend in Zeitschriften und diversen Publikationen zu sehen.<\/p>\n<p style=\"text-align: left;\">Vor allem f\u00fchle ich mich in meinem Tun best\u00e4tigt, wenn ich von Menschen das Vertrauen entgegengebracht bekomme, ihre Hochzeit zu dokumentieren. Ein Tag, an dem so viele Gef\u00fchle zusammen kommen, wie Aufregung, Freude, Tr\u00e4nen und Gl\u00fcck. Der Start in eine neue Lebensphase im Kreise der vertrauten Freunde und Familie und ich als Derjenige, der diesen Tag f\u00fcr immer fest h\u00e4lt.<\/p>\n<p style=\"text-align: left;\">Ich begleite Dich und Deinen Partner\/in als Fotograf an Eurer Hochzeit und halte alle sch\u00f6nen Momente mit meiner Kamera fest. Neben einer lebhaften Hochzeitsreportage lege ich als K\u00fcnstler gro\u00dfen Wert auf kunstvolle Hochzeitsportraits, die jedes Hochzeitspaar erstrahlen lassen. <br class=\"\u201dclear\u201d\/\" \/><br class=\"\u201dclear\u201d\/\" \/>Schaut Euch doch einfach in meiner <a href=\"http:\/\/www.martinkarski.de\/blog\/portfolio-item\/wedding\/\">Hochzeitsreportage-Galerie<\/a> um. Ich hoffe, dass ich auch Euch mit meiner Arbeit \u00fcberzeugen kann.<\/p>\n<\/div><\/section><\/div>\n\n<style type=\"text\/css\" data-created_by=\"avia_inline_auto\" id=\"style-css-av-jhkvywgp-190a1f25c9942b36ac4c3b96293c0628\">\n#top .hr.av-jhkvywgp-190a1f25c9942b36ac4c3b96293c0628{\nmargin-top:1px;\nmargin-bottom:20px;\n}\n.hr.av-jhkvywgp-190a1f25c9942b36ac4c3b96293c0628 .hr-inner{\nwidth:100%;\n}\n<\/style>\n<div  class='hr av-jhkvywgp-190a1f25c9942b36ac4c3b96293c0628 hr-custom  avia-builder-el-3  el_after_av_one_full  el_before_av_one_half  hr-center hr-icon-no'><span class='hr-inner inner-border-av-border-thin'><span class=\"hr-inner-style\"><\/span><\/span><\/div>\n\n<style type=\"text\/css\" data-created_by=\"avia_inline_auto\" id=\"style-css-av-16qyz7-6a1d083a72c761b321a351e912ac8616\">\n.flex_column.av-16qyz7-6a1d083a72c761b321a351e912ac8616{\nborder-radius:0px 0px 0px 0px;\npadding:0px 0px 0px 0px;\n}\n<\/style>\n<div  class='flex_column av-16qyz7-6a1d083a72c761b321a351e912ac8616 av_one_half  avia-builder-el-4  el_after_av_hr  el_before_av_one_half  first flex_column_div av-zero-column-padding  '     ><section  class='av_textblock_section av-12yheb-14637e69b5f0dcf2f4f435979efb1c5a '   itemscope=\"itemscope\" itemtype=\"https:\/\/schema.org\/CreativeWork\" ><div class='avia_textblock'  itemprop=\"text\" ><blockquote>\n<h6><\/h6>\n<\/blockquote>\n<\/div><\/section><br \/>\n<section  class='av_textblock_section av-12yheb-14637e69b5f0dcf2f4f435979efb1c5a '   itemscope=\"itemscope\" itemtype=\"https:\/\/schema.org\/CreativeWork\" ><div class='avia_textblock'  itemprop=\"text\" ><blockquote>\n<p>Hochzeitsfotograf in K\u00f6ln, D\u00fcsseldorf und Umgebung gesucht? Herzlich Willkommen!<\/p>\n<h6><em>Martin Karski, Hochzeitsfotograf seit 2006<\/em><\/h6>\n<\/blockquote>\n<\/div><\/section><\/p><\/div>\n\n<style type=\"text\/css\" data-created_by=\"avia_inline_auto\" id=\"style-css-av-1ivpyz-d23f3c1d4587914f248915eee976c61e\">\n.flex_column.av-1ivpyz-d23f3c1d4587914f248915eee976c61e{\nborder-radius:0px 0px 0px 0px;\npadding:0px 0px 0px 0px;\n}\n<\/style>\n<div  class='flex_column av-1ivpyz-d23f3c1d4587914f248915eee976c61e av_one_half  avia-builder-el-7  el_after_av_one_half  avia-builder-el-last  flex_column_div av-zero-column-padding  '     ><style type=\"text\/css\" data-created_by=\"avia_inline_auto\" id=\"style-css-av-1efctn-b6c120498c8e5bd1ae95e0084fde8826\">\n.avia-image-container.av-1efctn-b6c120498c8e5bd1ae95e0084fde8826 img.avia_image{\nbox-shadow:none;\n}\n.avia-image-container.av-1efctn-b6c120498c8e5bd1ae95e0084fde8826 .av-image-caption-overlay-center{\ncolor:#ffffff;\n}\n<\/style>\n<div  class='avia-image-container av-1efctn-b6c120498c8e5bd1ae95e0084fde8826 av-styling- avia_animated_image av-animated-when-visible-95 fade-in avia-align-  avia-builder-el-8  avia-builder-el-no-sibling '   itemprop=\"image\" itemscope=\"itemscope\" itemtype=\"https:\/\/schema.org\/ImageObject\" ><div class=\"avia-image-container-inner\"><div class=\"avia-image-overlay-wrap\"><img class='avia_image ' src='https:\/\/i0.wp.com\/www.martinkarski.de\/blog\/wp-content\/uploads\/2015\/12\/IMG_1677_k.jpg?fit=1030%2C686&ssl=1' alt='' title='IMG_1677_k'  height=\"686\" width=\"1030\"  itemprop=\"thumbnailUrl\"  \/><\/div><\/div><\/div><\/div>\n","protected":false},"excerpt":{"rendered":"","protected":false},"author":1,"featured_media":0,"parent":0,"menu_order":0,"comment_status":"closed","ping_status":"closed","template":"","meta":{"_exactmetrics_skip_tracking":false,"_exactmetrics_sitenote_active":false,"_exactmetrics_sitenote_note":"","_exactmetrics_sitenote_category":0,"footnotes":""},"class_list":["post-259","page","type-page","status-publish","hentry"],"aioseo_notices":[],"jetpack_sharing_enabled":false,"jetpack_shortlink":"https:\/\/wp.me\/P5ha5l-4b","_links":{"self":[{"href":"https:\/\/www.martinkarski.de\/blog\/wp-json\/wp\/v2\/pages\/259","targetHints":{"allow":["GET"]}}],"collection":[{"href":"https:\/\/www.martinkarski.de\/blog\/wp-json\/wp\/v2\/pages"}],"about":[{"href":"https:\/\/www.martinkarski.de\/blog\/wp-json\/wp\/v2\/types\/page"}],"author":[{"embeddable":true,"href":"https:\/\/www.martinkarski.de\/blog\/wp-json\/wp\/v2\/users\/1"}],"replies":[{"embeddable":true,"href":"https:\/\/www.martinkarski.de\/blog\/wp-json\/wp\/v2\/comments?post=259"}],"version-history":[{"count":192,"href":"https:\/\/www.martinkarski.de\/blog\/wp-json\/wp\/v2\/pages\/259\/revisions"}],"predecessor-version":[{"id":1339,"href":"https:\/\/www.martinkarski.de\/blog\/wp-json\/wp\/v2\/pages\/259\/revisions\/1339"}],"wp:attachment":[{"href":"https:\/\/www.martinkarski.de\/blog\/wp-json\/wp\/v2\/media?parent=259"}],"curies":[{"name":"wp","href":"https:\/\/api.w.org\/{rel}","templated":true}]}}