{"id":1111,"date":"2018-08-11T11:15:09","date_gmt":"2018-08-11T09:15:09","guid":{"rendered":"http:\/\/www.martinkarski.de\/blog\/?page_id=1111"},"modified":"2018-08-11T12:37:09","modified_gmt":"2018-08-11T10:37:09","slug":"agb","status":"publish","type":"page","link":"https:\/\/www.martinkarski.de\/blog\/agb\/","title":{"rendered":"ALLGEMEINE GESCH\u00c4FTSBEDINGUNGEN"},"content":{"rendered":"<section  class='av_textblock_section av-jkp7xrlt-992eb3529dcaf65da1652783b3b8ed04 '   itemscope=\"itemscope\" itemtype=\"https:\/\/schema.org\/CreativeWork\" ><div class='avia_textblock'  itemprop=\"text\" ><div class=\"entry-content\">\n<p><strong><em>I. Allgemeines<\/em><br \/>\n<\/strong>1. Die nachfolgenden AGB gelten f\u00fcr dem gesamten Gesch\u00e4ftsverkehr der Firma Martin Karski Fotografie.<br \/>\nSie gelten als vereinbart, wenn ihnen nicht umgehend widersprochen wird. Sonderabsprachen, die von den Gesch\u00e4ftsbedingungen abweichen, werden nur anerkannt, wenn eine schriftliche Best\u00e4tigung vorliegt.<br \/>\n2. \u201eLichtbilder\u201c im Sinne dieser AGB sind alle vom Fotografen hergestellten Produkte, gleich in welcher technischen Form oder in welchem Medium sie erstellt wurden oder vorliegen. (Negative, Dia-Positive, Papierbilder, elektronische Stehbilder in digitalisierter Form, Videos, Dateien usw.)<br \/>\n<em><strong><br \/>\nII. Urheberrecht<br \/>\n<\/strong><\/em>1. Dem Fotografen steht das Urheberrecht an den Lichtbildern nach Ma\u00dfgabe des Urheberrechtsgesetzes zu.<br \/>\n2. Die vom Fotografen hergestellten Lichtbilder sind grunds\u00e4tzlich nur f\u00fcr den eigenen Gebrauch des Auftraggebers bestimmt.<br \/>\n3. \u00dcbertr\u00e4gt der Fotograf Nutzungsrechte an seinen Werken, ist \u2013 sofern nicht ausdr\u00fccklich etwas anderes vereinbart wurde \u2013 jeweils nur das einfache Nutzungsrecht \u00fcbertragen. Eine Weitergabe von Nutzungsrechten bedarf der besonderen Vereinbarung.<br \/>\n4. Die Nutzungsrechte gehen erst \u00fcber nach vollst\u00e4ndiger Bezahlung des Honorars an den Fotografen \u00fcber.<br \/>\n5. Der Besteller eines Bildes i.S. vom \u00a7 60 UrhG hat kein Recht, das Lichtbild zu vervielf\u00e4ltigen und zu verbreiten, wenn nicht die entsprechenden Nutzungsrechte \u00fcbertragen worden sind. \u00a7 60 UrhG wird ausdr\u00fccklich abgedungen.<br \/>\n6. Bei der Verwertung der Lichtbilder kann der Fotograf, sofern nichts anderes vereinbart wurde, verlangen, als Urheber des Lichtbildes genannt zu werden. Eine Verletzung des Rechts auf Namensnennung berechtigt den Fotografen zum Schadensersatz.<br \/>\n7. Die Negative bzw. Originaldateien verbleiben beim Fotografen.<br \/>\n<em><strong><br \/>\nIII. Honorare, Eigentumsvorbehalt<\/strong><\/em><br \/>\n1. F\u00fcr die Herstellung der Lichtbilder wird ein Honorar als Stundensatz, Tagessatz oder vereinbarte Pauschale festgelegt; Nebenkosten (Reisekosten, Modellhonorare, Spesen, Requisiten, Labor- und Materialkosten, Studiomieten etc.) sind in einem Pauschalangebot enthalten, sonst vom Auftraggeber zu tragen. Gegen\u00fcber Endverbrauchern weist der Fotograf das Honorar ohne Mehrwertsteuer aus.<br \/>\n2. Mit Zustandekommen des Vertrags wird eine Anzahlung iHv 30% der vereinbarten Verg\u00fctung f\u00e4llig.<br \/>\n3. Die Kosten sind am Tag des Shootings in bar zu begleichen oder muss bei der \u00dcbergabe der Bilder oder per Vorkasse gezahlt werden. Bei Pr\u00e4sentationsprodukten ( z.Bsp. B\u00fcchern) ist eine Anzahlung von 50% zu entrichten.<br \/>\n4. Das Honorar ist sp\u00e4testens binnen zwei Wochen nach Rechnungseingang zu zahlen, soweit keine andere Zahlungsfrist angegeben ist. Nach einer Mahnung kommt der Auftraggeber in Verzug. Nach Eintritt des Verzugs ist das Honorar mit 10% p.a. zu verzinsen. Eine Aufrechnung oder die Aus\u00fcbung des Zur\u00fcckbehaltungsrechts ist nur gegen\u00fcber unbestritten oder rechtskr\u00e4ftig festgestellten Forderungen des Auftraggebers zul\u00e4ssig. Mahnspesen und die Kosten (auch au\u00dfergerichtlicher) anwaltlicher Intervention gehen zu lasten des Auftraggebers.<br \/>\n5. Bis zur vollst\u00e4ndigen Bezahlung des Kaufpreises bleiben die gelieferten Lichtbilder Eigentum des Fotografen.<br \/>\n6. Reklamationen bez\u00fcglich der Bildauffassung sowie der k\u00fcnstlerisch-technischen Gestaltung sind ausgeschlossen. Dem Auftraggeber ist der Stil des Fotografen bekannt. W\u00fcnscht der Auftraggeber w\u00e4hrend oder nach der Aufnahmeproduktion \u00c4nderungen, so hat er die Mehrkosten zu tragen. Der Fotograf beh\u00e4lt den Verg\u00fctungs-Anspruch f\u00fcr bereits begonnene Arbeiten.<br \/>\n<strong><br \/>\n<em>IV. Haftung<\/em><\/strong><br \/>\n1. F\u00fcr die Verletzung von Pflichten, die nicht in unmittelbarem Zusammenhang mit wesentlichen Vertragspflichten stehen, haftet der Fotograf f\u00fcr sich und seine Erf\u00fcllungsgehilfen nur bei Vorsatz und grober Fahrl\u00e4ssigkeit. Er haftet ferner f\u00fcr Sch\u00e4den aus der Verletzung des Lebens, des K\u00f6rpers oder der Gesundheit sowie aus der Verletzung wesentlicher Vertragspflichten, die er oder seine Erf\u00fcllungsgehilfen durch schuldhafte Pflichtverletzungen herbeigef\u00fchrt haben. F\u00fcr Sch\u00e4den an Aufnahmeobjekten, Vorlagen, Filmen, Displays,Layouts, Negativen oder Daten haftet der Fotograf \u2013 wenn nichts anderes vereinbart wurde \u2013 nur bei Vorsatz und grober Fahrl\u00e4ssigkeit. Bei einem Verlust oder der Besch\u00e4digung von Bilder , Negativen, digitalen Medien beschr\u00e4nkt sich die Ersatzpflicht auf die Erstellung neuer Aufnahmen. Weitere Anspr\u00fcche (etwa bei Hochzeitsaufnahmen) entfallen. \u00dcbergebene Vorlagen oder Gegenst\u00e4nde m\u00fcssen vom Auftraggeber gegen Besch\u00e4digung, Verlust, Diebstahl und Feuer versichert sein.<br \/>\n2. Der Fotograf verwahrt die Lichtbildnisse sorgf\u00e4ltig. Er ist berechtigt, aber nicht verpflichtet, von ihm aufbewahrte Negative nach einem Monat seit Beendigung des Auftrags zu vernichten.<br \/>\n3. Der Fotograf haftet f\u00fcr Lichtbest\u00e4ndigkeit und Dauerhaftigkeit der Lichtbilder nur im Rahmen der Garantieleistungen der Hersteller des Fotomaterials.<br \/>\n4. Die Zusendung und R\u00fccksendung von Filmen, Bildern und Vorlagen erfolgt auf Kosten und Gefahr des Auftraggebers. Der Auftraggeber kann bestimmen, wie und durch wen die R\u00fccksendung erfolgt.<br \/>\n5. Bei Reproduktionen, Nachbestellungen und Vergr\u00f6\u00dferungen k\u00f6nnen sich Farbdifferenzen gegen\u00fcber der Vorlage oder den Erstbildern ergeben. Dies ist kein Fehler des Werkes und eine Reklamation ist hierdurch nicht berechtigt.<br \/>\n<strong><br \/>\n<em>V. Nutzungsrechte\/ Pers\u00f6nlichkeitsrechte<\/em> <\/strong><br \/>\n1. Der Auftraggeber erwirbt an den Bildern nur die Nutzungsrechte f\u00fcr den privaten Gebrauch. Die Vervielf\u00e4ltigung und die Weitergabe an Dritte werden f\u00fcr private Zwecke einger\u00e4umt. Eine kommerzielle Nutzung sowie eine kommerzielle und\/oder \u00f6ffentliche, nicht private Wiedergabe sind nicht gestattet( ausgenommen gewerbliche Nutzung durch schriftliche Genehmigung). Eigentumsrechte werden nicht \u00fcbertragen.<br \/>\n2. Bei Hochzeits-Reportagen Optional: F\u00fcr mich (Martin Karski Fotografie) ist es wichtig, Bilder von Hochzeiten zu ver\u00f6ffentlichen, damit Brautpaare sich von der Qualit\u00e4t und Kreativit\u00e4t meiner Arbeiten \u00fcberzeugen k\u00f6nnen. Bei Einr\u00e4umung der Ver\u00f6ffentlichungsrechte durch die Auftraggeber, gew\u00e4hrt Martin Karski Fotografie m im Gegenzug zus\u00e4tzlich 10 Abz\u00fcge im Format 13 x 18 cm. Durch diese Inanspruchnahme willigen die Auftraggeber ein, dass (Martin Karski Fotografie) die Bilder im Rahmen der Eigenwerbung nutzen und insbesondere Ver\u00f6ffentlichungen auf Webseiten vornehmen darf. Die Ver\u00f6ffentlichung in Magazinen bedarf besonderer Absprache!<br \/>\n3. Martin Karski Fotografie darf die Bildnisse auch dritten zur Verf\u00fcgung stellen, sofern dies der Eigenwerbung von dient. Die Auftraggeber sind insoweit mit der Ver\u00f6ffentlichung einverstanden und werden auch die G\u00e4ste der Hochzeit darauf hinweisen und deren Einverst\u00e4ndnis einholen, dass eine Ver\u00f6ffentlichung der Bilder erfolgen kann. Die Auftraggeber versichern, dass in diesem Fall die Einwilligung der abgebildeten Personen zur Ver\u00f6ffentlichung, Vervielf\u00e4ltigung und Verbreitung der Bilder besitzen und erkl\u00e4ren sich selbst damit auch einverstanden. F\u00fcr Ersatzanspr\u00fcche Dritter, die auf dem nicht vorliegen dieser Einwilligung beruhen, werden die Auftraggeber, Fotografie Martin Karski von der Haftung vollumf\u00e4nglich freigestellt.<br \/>\n<strong><br \/>\n<em>VI. Mitwirkungspflichten des Kunden<\/em><\/strong><br \/>\nDer Kunde hat daf\u00fcr Sorge zu tragen, dass dem Fotograf alle f\u00fcr die Ausf\u00fchrung des Auftrags erforderlichen Informationen rechtzeitig vorliegen (Wegbeschreibungen, Sonderw\u00fcnsche etc.). Wird der Fotograf f\u00fcr eine Hochzeit oder sonstige Veranstaltung gebucht, wird der Kunde dem Fotografen eine Person nebst Kontaktdaten benennen, die ihm w\u00e4hrend der betreffenden Veranstaltung sowie 3 Stunden vor deren Beginn als verantwortlicher Ansprechpartner f\u00fcr R\u00fcckfragen zur Verf\u00fcgung steht. Bei Veranstaltungen, die mehr als 4 Stunden dauern, ist der Fotograf und deren Assistent zudem angemessen mit Speisen und Getr\u00e4nken zu versorgen.<br \/>\n<strong><br \/>\n<em>VII. Leistungsst\u00f6rung, Ausfallhonorar<\/em><\/strong><br \/>\n1. Wird die f\u00fcr die Durchf\u00fchrung des Auftrages vorgesehene Zeit aus Gr\u00fcnden, die der Fotograf nicht zu vertreten hat, wesentlich \u00fcberschritten, so erh\u00f6ht sich das Honorar des Fotografen, sofern ein Pauschalpreis vereinbart war, entsprechend im Verh\u00e4ltnis. Ist ein Zeithonorar vereinbart, erh\u00e4lt der Fotograf auch f\u00fcr die Wartezeit den vereinbarten Stunden oder Tagessatz, sofern nicht der Auftraggeber nachweist, dass dem Fotografen kein Schaden entstanden ist. Bei Vorsatz oder Fahrl\u00e4ssigkeit des Auftraggebers kann der Fotograf auch Schadensersatzanspr\u00fcche geltend machen.<br \/>\n2. Liefertermine f\u00fcr Lichtbilder sind nur dann verbindlich, wenn sie ausdr\u00fccklich vom Fotografen best\u00e4tigt worden sind. Der Fotograf haftet f\u00fcr Frist\u00fcberschreitung nur bei Vorsatz und grober Fahrl\u00e4ssigkeit.<br \/>\n3. Stornierungen werden nur in schriftlicher Form anerkannt. Bei Stornierungen des Auftrages (Absage des Shootingtermins) durch den Auftraggeber wird die vereinbarte Verg\u00fctung in H\u00f6he von 20% f\u00e4llig und ist von ihm zu zahlen.( Anzahlung wird einbehalten bzw. verrechnet)<\/p>\n<p><em><strong>VIII. Datenschutz<\/strong><\/em><br \/>\n1. Zum Gesch\u00e4ftsverkehr erforderliche personenbezogene Daten des Auftraggebers k\u00f6nnen gespeichert werden. Der Fotograf verpflichtet sich, alle ihm im Rahmen des Auftrages bekannt gewordenen Informationen vertraulich zu behandeln.<br \/>\n<strong><br \/>\n<em>IX. Digitale Fotografie<\/em><\/strong><br \/>\n1. Die Digitalisierung, Speicherung und Vervielf\u00e4ltigung der Lichtbilder des Fotografen auf Datentr\u00e4gern aller Art bedarf der vorherigen schriftlichen Zustimmung des Fotografen. Der Urheber muss stets vermerkt sein.<br \/>\n2. Die \u00dcbertragung von Nutzungsrechten beinhaltet nicht das Recht zur Speicherung und Vervielf\u00e4ltigung, wenn dieses Recht nicht ausdr\u00fccklich \u00fcbertragen wurde.<br \/>\n3. F\u00fcr die Datenspeicherung verwende ich USB-Sticks oder CD-R, die innerhalb der Garantie des Herstellers als einwandfrei deklariert sind. F\u00fcr Sch\u00e4den, die durch das \u00dcbertragen von uns gelieferter Daten in einem Computer entstehen, leisten wir keinen Ersatz.<br \/>\n4. Bei Fotoabz\u00fcgen kann es im Vergleich zu dem digitalen Bild zu geringen Farb- und Kontrastabweichungen kommen. Dies beruht darauf, dass der Monitor der Kunden evtl. andere Kalibrierungs- und Farbeinstellungen aufweist. Es stellt daher keinen Reklamationsgrund dar.<\/p>\n<p><em><strong>X. Vertragsstrafe, Schadenersatz<\/strong><\/em><br \/>\n1. Bei jeglicher unberechtigter(ohne die Zustimmung von Martin Karski Fotografie erfolgter) Nutzung, Verwendung, Wiedergabe oder Weitergabe des Bildmaterials zu kommerziellen Zwecken ist f\u00fcr jeden Einzelfall eine Vertragsstrafe in H\u00f6he des zweifachen Nutzungshonorars zu zahlen, mindestens jedoch 100,- \u20ac pro Bild und Einzelfall. Dies gilt vorbehaltlich weitergehender Schadenersatzspr\u00fcche.<br \/>\n2. Durch die ZifferVI.1.AGB vorgesehenen Zahlungen werden keinerlei Nutzungsrechte begr\u00fcndet.<br \/>\n<em><strong><br \/>\nXI. Schlussbestimmungen<\/strong><\/em><br \/>\nErf\u00fcllungsort und Gerichtsstand ist der Sitz des Fotografen Martin Karski Fotografie.<\/p>\n<p>Die AGB gelten ab dem 01.10.2011<\/p>\n<\/div>\n<\/div><\/section>\n\n<style type=\"text\/css\" data-created_by=\"avia_inline_auto\" id=\"style-css-av-4967nr-e9b2bcac6a3876ac49f5187c48d56ce9\">\n.flex_column.av-4967nr-e9b2bcac6a3876ac49f5187c48d56ce9{\nborder-radius:0px 0px 0px 0px;\npadding:0px 0px 0px 0px;\n}\n<\/style>\n<div  class='flex_column av-4967nr-e9b2bcac6a3876ac49f5187c48d56ce9 av_one_full  avia-builder-el-1  el_after_av_textblock  el_before_av_one_full  first flex_column_div av-zero-column-padding  column-top-margin'     ><\/div>\n\n<style type=\"text\/css\" data-created_by=\"avia_inline_auto\" id=\"style-css-av-33wnpz-b059eb7436cbfff702d10a76e18575fe\">\n.flex_column.av-33wnpz-b059eb7436cbfff702d10a76e18575fe{\nborder-radius:0px 0px 0px 0px;\npadding:0px 0px 0px 0px;\n}\n<\/style>\n<div  class='flex_column av-33wnpz-b059eb7436cbfff702d10a76e18575fe av_one_full  avia-builder-el-2  el_after_av_one_full  avia-builder-el-last  first flex_column_div av-zero-column-padding  column-top-margin'     ><\/div>\n","protected":false},"excerpt":{"rendered":"","protected":false},"author":1,"featured_media":0,"parent":0,"menu_order":0,"comment_status":"closed","ping_status":"closed","template":"","meta":{"_exactmetrics_skip_tracking":false,"_exactmetrics_sitenote_active":false,"_exactmetrics_sitenote_note":"","_exactmetrics_sitenote_category":0,"footnotes":""},"class_list":["post-1111","page","type-page","status-publish","hentry"],"aioseo_notices":[],"jetpack_sharing_enabled":false,"jetpack_shortlink":"https:\/\/wp.me\/P5ha5l-hV","_links":{"self":[{"href":"https:\/\/www.martinkarski.de\/blog\/wp-json\/wp\/v2\/pages\/1111","targetHints":{"allow":["GET"]}}],"collection":[{"href":"https:\/\/www.martinkarski.de\/blog\/wp-json\/wp\/v2\/pages"}],"about":[{"href":"https:\/\/www.martinkarski.de\/blog\/wp-json\/wp\/v2\/types\/page"}],"author":[{"embeddable":true,"href":"https:\/\/www.martinkarski.de\/blog\/wp-json\/wp\/v2\/users\/1"}],"replies":[{"embeddable":true,"href":"https:\/\/www.martinkarski.de\/blog\/wp-json\/wp\/v2\/comments?post=1111"}],"version-history":[{"count":7,"href":"https:\/\/www.martinkarski.de\/blog\/wp-json\/wp\/v2\/pages\/1111\/revisions"}],"predecessor-version":[{"id":1123,"href":"https:\/\/www.martinkarski.de\/blog\/wp-json\/wp\/v2\/pages\/1111\/revisions\/1123"}],"wp:attachment":[{"href":"https:\/\/www.martinkarski.de\/blog\/wp-json\/wp\/v2\/media?parent=1111"}],"curies":[{"name":"wp","href":"https:\/\/api.w.org\/{rel}","templated":true}]}}